{"id":22,"date":"2025-10-23T19:51:51","date_gmt":"2025-10-23T19:51:51","guid":{"rendered":"https:\/\/escolasemeandoofuturo.com.br\/index.php\/visao\/"},"modified":"2025-10-23T19:51:51","modified_gmt":"2025-10-23T19:51:51","slug":"visao","status":"publish","type":"page","link":"https:\/\/escolasemeandoofuturo.com.br\/index.php\/visao\/","title":{"rendered":"Vis\u00e3o"},"content":{"rendered":"<h3 dir=\"auto\"><span><strong>Vis\u00e3o<\/strong><\/span><\/h3>\n<h6 dir=\"auto\"><strong>Educa\u00e7\u00e3o Infantil<\/strong><\/h6>\n<p class=\"body\" dir=\"auto\">Oferecemos um ambiente seguro e estimulante para o desenvolvimento integral das crian\u00e7as.<\/p>\n<p><img decoding=\"async\" src=\"https:\/\/images.unsplash.com\/photo-1516383607781-913a19294fd1\" alt=\"assorted-color pencil\" \/><\/p>\n<h6 dir=\"auto\"><strong>Atividades Recreativas<\/strong><\/h6>\n<p class=\"body\" dir=\"auto\">Promovemos atividades l\u00fadicas que incentivam a criatividade e o aprendizado atrav\u00e9s da divers\u00e3o.<\/p>\n<p><img decoding=\"async\" src=\"https:\/\/images.unsplash.com\/photo-1503676260728-1c00da094a0b\" alt=\"red apple fruit on four pyle books\" \/><\/p>\n<p dir=\"auto\" class=\"body\"><span>\u201cTornar-se a escola de refer\u00eancia em educa\u00e7\u00e3o infantil em Guarulhos, reconhecida por sua estrutura acolhedora e modelo de cuidado, aprendizado e ludicidade, com uma equipe altamente qualificada e preparada, ampliando sua atua\u00e7\u00e3o de forma estruturada e sustent\u00e1vel.\u201d<\/span><\/p>\n","protected":false},"excerpt":{"rendered":"<p>Vis\u00e3o Educa\u00e7\u00e3o Infantil Oferecemos um ambiente seguro e estimulante para o desenvolvimento integral das crian\u00e7as. Atividades Recreativas Promovemos atividades l\u00fadicas que incentivam a criatividade e o aprendizado atrav\u00e9s da divers\u00e3o. \u201cTornar-se a escola de refer\u00eancia em educa\u00e7\u00e3o infantil em Guarulhos, reconhecida por sua estrutura acolhedora e modelo de cuidado, aprendizado e ludicidade, com uma equipe [&hellip;]<\/p>\n","protected":false},"author":1,"featured_media":0,"parent":0,"menu_order":0,"comment_status":"closed","ping_status":"closed","template":"","meta":{"footnotes":""},"class_list":["post-22","page","type-page","status-publish","hentry"],"_links":{"self":[{"href":"https:\/\/escolasemeandoofuturo.com.br\/index.php\/wp-json\/wp\/v2\/pages\/22","targetHints":{"allow":["GET"]}}],"collection":[{"href":"https:\/\/escolasemeandoofuturo.com.br\/index.php\/wp-json\/wp\/v2\/pages"}],"about":[{"href":"https:\/\/escolasemeandoofuturo.com.br\/index.php\/wp-json\/wp\/v2\/types\/page"}],"author":[{"embeddable":true,"href":"https:\/\/escolasemeandoofuturo.com.br\/index.php\/wp-json\/wp\/v2\/users\/1"}],"replies":[{"embeddable":true,"href":"https:\/\/escolasemeandoofuturo.com.br\/index.php\/wp-json\/wp\/v2\/comments?post=22"}],"version-history":[{"count":0,"href":"https:\/\/escolasemeandoofuturo.com.br\/index.php\/wp-json\/wp\/v2\/pages\/22\/revisions"}],"wp:attachment":[{"href":"https:\/\/escolasemeandoofuturo.com.br\/index.php\/wp-json\/wp\/v2\/media?parent=22"}],"curies":[{"name":"wp","href":"https:\/\/api.w.org\/{rel}","templated":true}]}}