{"id":21,"date":"2025-10-23T19:51:50","date_gmt":"2025-10-23T19:51:50","guid":{"rendered":"https:\/\/escolasemeandoofuturo.com.br\/index.php\/missao\/"},"modified":"2025-10-23T19:51:50","modified_gmt":"2025-10-23T19:51:50","slug":"missao","status":"publish","type":"page","link":"https:\/\/escolasemeandoofuturo.com.br\/index.php\/missao\/","title":{"rendered":"Miss\u00e3o"},"content":{"rendered":"<h3 dir=\"auto\"><span><strong>Miss\u00e3o<\/strong><\/span><\/h3>\n<p><img decoding=\"async\" src=\"https:\/\/escolasemeandoofuturo.com.br\/wp-content\/uploads\/2025\/10\/unnamed-AoP4yP2MNPF7Qpnw.webp\" alt=\"\" \/><\/p>\n<p dir=\"auto\" class=\"body\"><span>\u201cOferecer educa\u00e7\u00e3o infantil de qualidade, unindo tradi\u00e7\u00e3o e valores como respeito, amor, empatia, fam\u00edlia e seguran\u00e7a, em um ambiente l\u00fadico e acolhedor que forma crian\u00e7as felizes, criativas e preparadas para o futuro.\u201d<\/span><\/p>\n","protected":false},"excerpt":{"rendered":"<p>Miss\u00e3o \u201cOferecer educa\u00e7\u00e3o infantil de qualidade, unindo tradi\u00e7\u00e3o e valores como respeito, amor, empatia, fam\u00edlia e seguran\u00e7a, em um ambiente l\u00fadico e acolhedor que forma crian\u00e7as felizes, criativas e preparadas para o futuro.\u201d<\/p>\n","protected":false},"author":1,"featured_media":0,"parent":0,"menu_order":0,"comment_status":"closed","ping_status":"closed","template":"","meta":{"footnotes":""},"class_list":["post-21","page","type-page","status-publish","hentry"],"_links":{"self":[{"href":"https:\/\/escolasemeandoofuturo.com.br\/index.php\/wp-json\/wp\/v2\/pages\/21","targetHints":{"allow":["GET"]}}],"collection":[{"href":"https:\/\/escolasemeandoofuturo.com.br\/index.php\/wp-json\/wp\/v2\/pages"}],"about":[{"href":"https:\/\/escolasemeandoofuturo.com.br\/index.php\/wp-json\/wp\/v2\/types\/page"}],"author":[{"embeddable":true,"href":"https:\/\/escolasemeandoofuturo.com.br\/index.php\/wp-json\/wp\/v2\/users\/1"}],"replies":[{"embeddable":true,"href":"https:\/\/escolasemeandoofuturo.com.br\/index.php\/wp-json\/wp\/v2\/comments?post=21"}],"version-history":[{"count":0,"href":"https:\/\/escolasemeandoofuturo.com.br\/index.php\/wp-json\/wp\/v2\/pages\/21\/revisions"}],"wp:attachment":[{"href":"https:\/\/escolasemeandoofuturo.com.br\/index.php\/wp-json\/wp\/v2\/media?parent=21"}],"curies":[{"name":"wp","href":"https:\/\/api.w.org\/{rel}","templated":true}]}}