{"id":20,"date":"2025-10-23T19:51:50","date_gmt":"2025-10-23T19:51:50","guid":{"rendered":"https:\/\/escolasemeandoofuturo.com.br\/index.php\/valores\/"},"modified":"2025-10-23T19:51:50","modified_gmt":"2025-10-23T19:51:50","slug":"valores","status":"publish","type":"page","link":"https:\/\/escolasemeandoofuturo.com.br\/index.php\/valores\/","title":{"rendered":"Valores"},"content":{"rendered":"<h3 dir=\"auto\"><span><strong>Valores<\/strong><\/span><\/h3>\n<p dir=\"auto\" class=\"body\"><span><strong>Amor pelo que fazemos<\/strong> \u2013 Educar e cuidar com paix\u00e3o em cada detalhe.<\/span><\/p>\n<p dir=\"auto\" class=\"body\"><span><strong>Respeito e empatia<\/strong> \u2013 Tratar cada crian\u00e7a e fam\u00edlia de forma \u00fanica, valorizando suas individualidades.<\/span><\/p>\n<p dir=\"auto\" class=\"body\"><span><strong>Ambiente familiar e acolhedor<\/strong> \u2013 Ser uma extens\u00e3o da casa, promovendo confian\u00e7a e pertencimento.<\/span><\/p>\n<p dir=\"auto\" class=\"body\"><span><strong>Cuidado e seguran\u00e7a<\/strong> \u2013 Proteger e zelar pelas crian\u00e7as como o bem mais precioso.<\/span><\/p>\n<p dir=\"auto\" class=\"body\"><span><strong>Transpar\u00eancia com as fam\u00edlias<\/strong> \u2013 Construir rela\u00e7\u00f5es de confian\u00e7a baseadas em di\u00e1logo claro e verdadeiro.<\/span><\/p>\n<p dir=\"auto\" class=\"body\"><span><strong>Ludicidade e alegria<\/strong> \u2013 Garantir que cada crian\u00e7a viva plenamente sua inf\u00e2ncia, aprendendo de forma leve e divertida.<\/span><\/p>\n<p dir=\"auto\" class=\"body\"><span><strong>Mem\u00f3rias e conquistas<\/strong> \u2013 Marcar positivamente a vida das crian\u00e7as com experi\u00eancias inesquec\u00edveis.<\/span><\/p>\n","protected":false},"excerpt":{"rendered":"<p>Valores Amor pelo que fazemos \u2013 Educar e cuidar com paix\u00e3o em cada detalhe. Respeito e empatia \u2013 Tratar cada crian\u00e7a e fam\u00edlia de forma \u00fanica, valorizando suas individualidades. Ambiente familiar e acolhedor \u2013 Ser uma extens\u00e3o da casa, promovendo confian\u00e7a e pertencimento. Cuidado e seguran\u00e7a \u2013 Proteger e zelar pelas crian\u00e7as como o bem [&hellip;]<\/p>\n","protected":false},"author":1,"featured_media":0,"parent":0,"menu_order":0,"comment_status":"closed","ping_status":"closed","template":"","meta":{"footnotes":""},"class_list":["post-20","page","type-page","status-publish","hentry"],"_links":{"self":[{"href":"https:\/\/escolasemeandoofuturo.com.br\/index.php\/wp-json\/wp\/v2\/pages\/20","targetHints":{"allow":["GET"]}}],"collection":[{"href":"https:\/\/escolasemeandoofuturo.com.br\/index.php\/wp-json\/wp\/v2\/pages"}],"about":[{"href":"https:\/\/escolasemeandoofuturo.com.br\/index.php\/wp-json\/wp\/v2\/types\/page"}],"author":[{"embeddable":true,"href":"https:\/\/escolasemeandoofuturo.com.br\/index.php\/wp-json\/wp\/v2\/users\/1"}],"replies":[{"embeddable":true,"href":"https:\/\/escolasemeandoofuturo.com.br\/index.php\/wp-json\/wp\/v2\/comments?post=20"}],"version-history":[{"count":0,"href":"https:\/\/escolasemeandoofuturo.com.br\/index.php\/wp-json\/wp\/v2\/pages\/20\/revisions"}],"wp:attachment":[{"href":"https:\/\/escolasemeandoofuturo.com.br\/index.php\/wp-json\/wp\/v2\/media?parent=20"}],"curies":[{"name":"wp","href":"https:\/\/api.w.org\/{rel}","templated":true}]}}